{"id":1284,"date":"2022-01-11T12:49:13","date_gmt":"2022-01-11T11:49:13","guid":{"rendered":"https:\/\/www.agriturismoertila.it\/?page_id=1284"},"modified":"2022-02-20T17:48:06","modified_gmt":"2022-02-20T16:48:06","slug":"privacy-policy","status":"publish","type":"page","link":"https:\/\/www.agriturismoertila.it\/de\/privacy-policy\/","title":{"rendered":"Privacy policy"},"content":{"rendered":"\t\t<div data-elementor-type=\"wp-page\" data-elementor-id=\"1284\" class=\"elementor elementor-1284 elementor-3\" data-elementor-post-type=\"page\">\n\t\t\t\t\t\t\t\t\t<section class=\"elementor-section elementor-top-section elementor-element elementor-element-35ba4b4b elementor-section-height-min-height elementor-section-boxed elementor-section-height-default elementor-section-items-middle\" data-id=\"35ba4b4b\" data-element_type=\"section\" data-settings=\"{&quot;background_background&quot;:&quot;classic&quot;,&quot;_ha_eqh_enable&quot;:false}\">\n\t\t\t\t\t\t<div class=\"elementor-container elementor-column-gap-default\">\n\t\t\t\t\t<div class=\"elementor-column elementor-col-100 elementor-top-column elementor-element elementor-element-1e7ebd92\" data-id=\"1e7ebd92\" data-element_type=\"column\">\n\t\t\t<div class=\"elementor-widget-wrap\">\n\t\t\t\t\t\t\t\t\t<\/div>\n\t\t<\/div>\n\t\t\t\t\t\t\t<\/div>\n\t\t<\/section>\n\t\t\t\t<section class=\"elementor-section elementor-top-section elementor-element elementor-element-460e25a elementor-section-boxed elementor-section-height-default elementor-section-height-default elementor-invisible\" data-id=\"460e25a\" data-element_type=\"section\" data-settings=\"{&quot;background_background&quot;:&quot;classic&quot;,&quot;animation&quot;:&quot;fadeInUp&quot;,&quot;_ha_eqh_enable&quot;:false}\">\n\t\t\t\t\t\t<div class=\"elementor-container elementor-column-gap-default\">\n\t\t\t\t\t<div class=\"elementor-column elementor-col-100 elementor-top-column elementor-element elementor-element-3f95d55f\" data-id=\"3f95d55f\" data-element_type=\"column\">\n\t\t\t<div class=\"elementor-widget-wrap elementor-element-populated\">\n\t\t\t\t\t\t\t\t<div class=\"elementor-element elementor-element-3fdd4f0a elementor-widget elementor-widget-heading\" data-id=\"3fdd4f0a\" data-element_type=\"widget\" data-widget_type=\"heading.default\">\n\t\t\t\t<div class=\"elementor-widget-container\">\n\t\t\t<h2 class=\"elementor-heading-title elementor-size-default\">Privacy Policy<\/h2>\t\t<\/div>\n\t\t\t\t<\/div>\n\t\t\t\t<div class=\"elementor-element elementor-element-27151f94 elementor-widget elementor-widget-text-editor\" data-id=\"27151f94\" data-element_type=\"widget\" data-widget_type=\"text-editor.default\">\n\t\t\t\t<div class=\"elementor-widget-container\">\n\t\t\t\t\t\t\t<p>Wir verpflichten uns, die Daten unserer Kunden nach dem Datenschutzkodex zu sch\u00fctzen (Art. 13 des italienischen Legislativgesetzes D.lgs. Nr. 196\/03 und diesbez\u00fcglicher Richtlinien aus dem \u00d6ffentlichen Amtsblatt), und GDPR &#8211; Art. 13 und 14 der EU-Verordnung 2016\/679 vom 27. April 2016. Gem\u00e4\u00df der genannten Vorschrift ist die Verarbeitung grunds\u00e4tzlich durch Korrektheit, Zul\u00e4ssigkeit und Transparenz sowie den Schutz Ihrer Geheimhaltung und Ihrer Rechte gepr\u00e4gt.<\/p><p>Diese Datenschutzerkl\u00e4rung gilt nur f\u00fcr Online-Aktivit\u00e4ten dieser Website und ist g\u00fcltig f\u00fcr die Besucher \/ Nutzer. Gilt nicht f\u00fcr Informationen die \u00fcber andere als diese Website Kan\u00e4len gesammelt werden. <\/p><p><strong>Zustimmung<\/strong><br>Mit der Nutzung oder Konsultation dieser Website Besucher und Nutzer genehmigen ausdr\u00fccklich diese Datenschutzerkl\u00e4rung und stimmen der Verwendung ihrer personenbezogenen Daten im Zusammenhang mit den nachfolgend beschriebenen Bedingungen und Zwecke.<\/p>\t\t\t\t\t\t<\/div>\n\t\t\t\t<\/div>\n\t\t\t\t<div class=\"elementor-element elementor-element-338291f elementor-widget elementor-widget-heading\" data-id=\"338291f\" data-element_type=\"widget\" data-widget_type=\"heading.default\">\n\t\t\t\t<div class=\"elementor-widget-container\">\n\t\t\t<h4 class=\"elementor-heading-title elementor-size-default\">1.- Datensammlung und Zweck<\/h4>\t\t<\/div>\n\t\t\t\t<\/div>\n\t\t\t\t<div class=\"elementor-element elementor-element-33ac506 elementor-widget elementor-widget-text-editor\" data-id=\"33ac506\" data-element_type=\"widget\" data-widget_type=\"text-editor.default\">\n\t\t\t\t<div class=\"elementor-widget-container\">\n\t\t\t\t\t\t\t<p>Wie alle Webseiten auch vorhanden Seite nutzt Protokolldateien in denen in Informationen w\u00e4hrend der Besuche von Nutzern automatisch gesammelt und gespeichert werden. Die gesammelten Informationen k\u00f6nnen diese sein:<\/p><ul><li>Adresse Internetprotokoll (IP);<\/li><li>Browsertyp und die Parameter der verwendet wird um Verbindung zu der Website Einrichtung;<\/li><li>Name des Internet Service Providers (ISP);<\/li><li>Datum und Uhrzeit des Besuchs;<\/li><li>Herkunft Web-Seite des Besucher (referral) und Ausgang;<\/li><li>M\u00f6glicherweise die Anzahl der Klicks.<\/li><\/ul><p><br>Die obige Informationen werden automatisch gesammelt nur um den ordnungsgem\u00e4\u00dfen Betrieb der Website zu \u00fcberpr\u00fcfen.<\/p><p>Keine dieser Informationen wird mit der physischen Person-Website verbunden und die Identifizierung wird in keiner Weise zugelassen.<br>Aus Sicherheitsgr\u00fcnden (Spam-Filter, Firewalls, Virenerkennung) k\u00f6nnen die automatisch die aufgezeichneten Daten auch pers\u00f6nliche Daten wie die IP-Adresse, die in \u00dcbereinstimmung mit den geltenden Gesetzen umfassen, um sch\u00e4dliche Aktivit\u00e4ten an der Website, an andere Benutzer oder andere b\u00f6swillige Aktivit\u00e4ten oder Verbrechen zu blockieren. Diese Daten werden niemals f\u00fcr die Identifizierung oder die Profilierung des Benutzerprofil verwendet, nur um die Homepage und seine Nutzer zu sch\u00fctzen.<\/p><p>Im bestimmten Falle vom Benutzer angeforderten Dienstleistungen, erkennt die Website automatisch und zeichnet einige pers\u00f6nliche Daten wie E-Mail-Adresse auf. Dies bedeutet das diese Daten freiwillig zur Verf\u00fcgung gestelltwerden zum Zeitpunkt des Service. Durch die Eingabe eines Formulars oder anderer Informationen akzeptieren Sie ausdr\u00fccklich die Datenschutzerkl\u00e4rung.<\/p><p>Die empfangenen Daten werden ausschlie\u00dflich f\u00fcr die Erbringung des Dienstes verwendet und nur f\u00fcr die erforderliche Zeit, f\u00fcr einen Zeitraum von maximal 5 Jahren.<br>Die Information die die Benutzer ver\u00f6ffentlichen werden vom Benutzer wissentlich und freiwillig zur Verf\u00fcgung gestellt, diese Website ist frei von jeglicher Haftung in Bezug auf etwaige Verst\u00f6\u00dfe gegen die Gesetze.<br>Es liegt an den Benutzer zu \u00fcberpr\u00fcfen ob er die Berechtigung hat f\u00fcr die Eingabe von pers\u00f6nlichen Daten des dritten oder Inhalte die von nationalen und internationalen Standards gesch\u00fctzt sind. Die von der Website w\u00e4hrend des Betriebs gesammelten Daten werden ausschlie\u00dflich f\u00fcr die oben genannten Zwecke verwendet werden und f\u00fcr die notwendige Zeit f\u00fcr die Durchf\u00fchrung der genannten T\u00e4tigkeiten gehalten, und wird nach 5 Jahren gel\u00f6scht. In jedem Fall werden die von der Website gesammelten Daten nicht an Dritte weitergegeben werden, aus keinem Grund, es sei denn es ist eine legitime Anfrage von der Justizbeh\u00f6rde und nur in F\u00e4llen die gesetzlich vorgesehen sind.<\/p><p>Die von der Website gesammelten Daten werden in der Zentrale des Data Controller verarbeitet.<\/p>\t\t\t\t\t\t<\/div>\n\t\t\t\t<\/div>\n\t\t\t\t<div class=\"elementor-element elementor-element-dd10620 elementor-widget elementor-widget-heading\" data-id=\"dd10620\" data-element_type=\"widget\" data-widget_type=\"heading.default\">\n\t\t\t\t<div class=\"elementor-widget-container\">\n\t\t\t<h4 class=\"elementor-heading-title elementor-size-default\">2.- Cookies<\/h4>\t\t<\/div>\n\t\t\t\t<\/div>\n\t\t\t\t<div class=\"elementor-element elementor-element-94defe9 elementor-widget elementor-widget-text-editor\" data-id=\"94defe9\" data-element_type=\"widget\" data-widget_type=\"text-editor.default\">\n\t\t\t\t<div class=\"elementor-widget-container\">\n\t\t\t\t\t\t\t<p>Besuchen Sie unsere Cookie-Richtlinie f\u00fcr detaillierte Informationen zur Verwaltung von Cookies f\u00fcr diese Website.<\/p>\t\t\t\t\t\t<\/div>\n\t\t\t\t<\/div>\n\t\t\t\t<div class=\"elementor-element elementor-element-db453f3 elementor-widget elementor-widget-heading\" data-id=\"db453f3\" data-element_type=\"widget\" data-widget_type=\"heading.default\">\n\t\t\t\t<div class=\"elementor-widget-container\">\n\t\t\t<h4 class=\"elementor-heading-title elementor-size-default\">3.- Sicherheit<\/h4>\t\t<\/div>\n\t\t\t\t<\/div>\n\t\t\t\t<div class=\"elementor-element elementor-element-33d155a elementor-widget elementor-widget-text-editor\" data-id=\"33d155a\" data-element_type=\"widget\" data-widget_type=\"text-editor.default\">\n\t\t\t\t<div class=\"elementor-widget-container\">\n\t\t\t\t\t\t\t<p>Diese Seite benutz die Daten in einer rechtm\u00e4\u00dfigen und korrekten Art, wobei alle notwendigen Sicherheitsma\u00dfnahmen um ein unbefugten Zugriff, Weitergabe, Ver\u00e4nderung oder unbefugte Vernichtung von Daten zu verhindern. Die Behandlung erfolgt mit Verwendung von Computern und \/ oder Computer durchgef\u00fchrt, mit organisatorischen Methoden und Logik streng auf den angegebenen Zwecken verwandt.<\/p><p>In einigen F\u00e4llen k\u00f6nnen auch Andere Personalkategorien Zugriff auf die Daten haben wie z.b (Verwaltung, Handel, Marketing, Rechtsanw\u00e4lte, Systemadministratoren) oder externen Parteien (wie Dritte technische Dienstleister, Brieftr\u00e4ger, Hosting-Provider, IT-Unternehmen und Kommunikationsagenturen).<\/p>\t\t\t\t\t\t<\/div>\n\t\t\t\t<\/div>\n\t\t\t\t<div class=\"elementor-element elementor-element-0147166 elementor-widget elementor-widget-heading\" data-id=\"0147166\" data-element_type=\"widget\" data-widget_type=\"heading.default\">\n\t\t\t\t<div class=\"elementor-widget-container\">\n\t\t\t<h4 class=\"elementor-heading-title elementor-size-default\">4.- Ihre Rechte<\/h4>\t\t<\/div>\n\t\t\t\t<\/div>\n\t\t\t\t<div class=\"elementor-element elementor-element-bd6baf8 elementor-widget elementor-widget-text-editor\" data-id=\"bd6baf8\" data-element_type=\"widget\" data-widget_type=\"text-editor.default\">\n\t\t\t\t<div class=\"elementor-widget-container\">\n\t\t\t\t\t\t\t<p>Die Benutzer (interessiert an der Behandlung) haben das Recht jederzeit eine Best\u00e4tigung der Existenz ihrer Daten und den Inhalt und Ursprung zu kennen, ihre Richtigkeit zu \u00fcberpr\u00fcfen oder ihre Integration, die L\u00f6schung, Aktualisierung, die Berichtigung, die Umwandlung in anonyme Form oder Sperrung von Daten in Verletzung des Gesetzes, und in einigen F\u00e4llen aus legitimen Gr\u00fcnden gegen ihre Behandlung zu widersetzen. Sie haben alle festgelegten Rechte des Art. 7 des Datenschutzgesetes.<\/p><p>Die Anfragen sind an die Inhaber der Datenverarbeitungnzu richten, Verantwortlich ist kontaktierbar \u00fcber den <a href=\"https:\/\/www.agriturismoertila.it\/contatti\/\">Kontaktabschnitt<\/a>.<\/p>\t\t\t\t\t\t<\/div>\n\t\t\t\t<\/div>\n\t\t\t\t<div class=\"elementor-element elementor-element-4356d13 elementor-widget elementor-widget-heading\" data-id=\"4356d13\" data-element_type=\"widget\" data-widget_type=\"heading.default\">\n\t\t\t\t<div class=\"elementor-widget-container\">\n\t\t\t<h4 class=\"elementor-heading-title elementor-size-default\">5.- Eigent\u00fcmer und Verantwortlicher f\u00fcr die Verarbeitung<\/h4>\t\t<\/div>\n\t\t\t\t<\/div>\n\t\t\t\t<div class=\"elementor-element elementor-element-e434345 elementor-widget elementor-widget-text-editor\" data-id=\"e434345\" data-element_type=\"widget\" data-widget_type=\"text-editor.default\">\n\t\t\t\t<div class=\"elementor-widget-container\">\n\t\t\t\t\t\t\tDatensteuerung in \u00dcbereinstimmung mit den geltenden Gesetzen ist Agostino Demurtas, Verantwortlich ist kontaktierbar \u00fcber den <a href=\"https:\/\/www.agriturismoertila.it\/contatti\/\" target=\"_blank\" rel=\"noopener\">Kontaktabschnitt<\/a>.\t\t\t\t\t\t<\/div>\n\t\t\t\t<\/div>\n\t\t\t\t<div class=\"elementor-element elementor-element-1376366 elementor-widget elementor-widget-heading\" data-id=\"1376366\" data-element_type=\"widget\" data-widget_type=\"heading.default\">\n\t\t\t\t<div class=\"elementor-widget-container\">\n\t\t\t<h4 class=\"elementor-heading-title elementor-size-default\">6.- Aktualisierungen<\/h4>\t\t<\/div>\n\t\t\t\t<\/div>\n\t\t\t\t<div class=\"elementor-element elementor-element-002dda6 elementor-widget elementor-widget-text-editor\" data-id=\"002dda6\" data-element_type=\"widget\" data-widget_type=\"text-editor.default\">\n\t\t\t\t<div class=\"elementor-widget-container\">\n\t\t\t\t\t\t\t<p>Diese Datenschutzrichtlinie ist am 20\/02\/2022 aktualisiert worden.<\/p>\t\t\t\t\t\t<\/div>\n\t\t\t\t<\/div>\n\t\t\t\t\t<\/div>\n\t\t<\/div>\n\t\t\t\t\t\t\t<\/div>\n\t\t<\/section>\n\t\t\t\t\t\t\t<\/div>\n\t\t","protected":false},"excerpt":{"rendered":"<p>Privacy Policy Wir verpflichten uns, die Daten unserer Kunden nach dem Datenschutzkodex zu sch\u00fctzen (Art. 13 des italienischen Legislativgesetzes D.lgs. Nr. 196\/03 und diesbez\u00fcglicher Richtlinien aus dem \u00d6ffentlichen Amtsblatt), und GDPR &#8211; Art. 13 und 14 der EU-Verordnung 2016\/679 vom 27. April 2016. Gem\u00e4\u00df der genannten Vorschrift ist die Verarbeitung grunds\u00e4tzlich durch Korrektheit, Zul\u00e4ssigkeit und [&hellip;]<\/p>\n","protected":false},"author":1,"featured_media":0,"parent":0,"menu_order":0,"comment_status":"closed","ping_status":"open","template":"","meta":{"footnotes":""},"yoast_head":"<!-- This site is optimized with the Yoast SEO plugin v21.5 - https:\/\/yoast.com\/wordpress\/plugins\/seo\/ -->\n<title>Privacy policy - Agriturismo Ertila<\/title>\n<meta name=\"robots\" content=\"index, follow, max-snippet:-1, max-image-preview:large, max-video-preview:-1\" \/>\n<link rel=\"canonical\" href=\"https:\/\/www.agriturismoertila.it\/de\/privacy-policy\/\" \/>\n<meta property=\"og:locale\" content=\"de_DE\" \/>\n<meta property=\"og:type\" content=\"article\" \/>\n<meta property=\"og:title\" content=\"Privacy policy - Agriturismo Ertila\" \/>\n<meta property=\"og:description\" content=\"Privacy Policy Wir verpflichten uns, die Daten unserer Kunden nach dem Datenschutzkodex zu sch\u00fctzen (Art. 13 des italienischen Legislativgesetzes D.lgs. Nr. 196\/03 und diesbez\u00fcglicher Richtlinien aus dem \u00d6ffentlichen Amtsblatt), und GDPR &#8211; Art. 13 und 14 der EU-Verordnung 2016\/679 vom 27. April 2016. Gem\u00e4\u00df der genannten Vorschrift ist die Verarbeitung grunds\u00e4tzlich durch Korrektheit, Zul\u00e4ssigkeit und [&hellip;]\" \/>\n<meta property=\"og:url\" content=\"https:\/\/www.agriturismoertila.it\/de\/privacy-policy\/\" \/>\n<meta property=\"og:site_name\" content=\"Agriturismo Ertila\" \/>\n<meta property=\"article:publisher\" content=\"https:\/\/www.facebook.com\/AgriturismoErtila\/\" \/>\n<meta property=\"article:modified_time\" content=\"2022-02-20T16:48:06+00:00\" \/>\n<meta name=\"twitter:card\" content=\"summary_large_image\" \/>\n<meta name=\"twitter:label1\" content=\"Gesch\u00e4tzte Lesezeit\" \/>\n\t<meta name=\"twitter:data1\" content=\"4\u00a0Minuten\" \/>\n<script type=\"application\/ld+json\" class=\"yoast-schema-graph\">{\"@context\":\"https:\/\/schema.org\",\"@graph\":[{\"@type\":\"WebPage\",\"@id\":\"https:\/\/www.agriturismoertila.it\/de\/privacy-policy\/\",\"url\":\"https:\/\/www.agriturismoertila.it\/de\/privacy-policy\/\",\"name\":\"Privacy policy - Agriturismo Ertila\",\"isPartOf\":{\"@id\":\"https:\/\/www.agriturismoertila.it\/#website\"},\"datePublished\":\"2022-01-11T11:49:13+00:00\",\"dateModified\":\"2022-02-20T16:48:06+00:00\",\"breadcrumb\":{\"@id\":\"https:\/\/www.agriturismoertila.it\/de\/privacy-policy\/#breadcrumb\"},\"inLanguage\":\"de\",\"potentialAction\":[{\"@type\":\"ReadAction\",\"target\":[\"https:\/\/www.agriturismoertila.it\/de\/privacy-policy\/\"]}]},{\"@type\":\"BreadcrumbList\",\"@id\":\"https:\/\/www.agriturismoertila.it\/de\/privacy-policy\/#breadcrumb\",\"itemListElement\":[{\"@type\":\"ListItem\",\"position\":1,\"name\":\"Home\",\"item\":\"https:\/\/www.agriturismoertila.it\/de\/ertila-ai-confini-del-tepilora\/\"},{\"@type\":\"ListItem\",\"position\":2,\"name\":\"Privacy policy\"}]},{\"@type\":\"WebSite\",\"@id\":\"https:\/\/www.agriturismoertila.it\/#website\",\"url\":\"https:\/\/www.agriturismoertila.it\/\",\"name\":\"Agriturismo Ertila\",\"description\":\"Ristorante, Agricampeggio, Fattoria a Bitti\",\"publisher\":{\"@id\":\"https:\/\/www.agriturismoertila.it\/#organization\"},\"potentialAction\":[{\"@type\":\"SearchAction\",\"target\":{\"@type\":\"EntryPoint\",\"urlTemplate\":\"https:\/\/www.agriturismoertila.it\/?s={search_term_string}\"},\"query-input\":\"required name=search_term_string\"}],\"inLanguage\":\"de\"},{\"@type\":\"Organization\",\"@id\":\"https:\/\/www.agriturismoertila.it\/#organization\",\"name\":\"Agriturismo Ertila\",\"url\":\"https:\/\/www.agriturismoertila.it\/\",\"logo\":{\"@type\":\"ImageObject\",\"inLanguage\":\"de\",\"@id\":\"https:\/\/www.agriturismoertila.it\/#\/schema\/logo\/image\/\",\"url\":\"https:\/\/www.agriturismoertila.it\/wp-content\/uploads\/2022\/01\/Logo-ertila-2x.png\",\"contentUrl\":\"https:\/\/www.agriturismoertila.it\/wp-content\/uploads\/2022\/01\/Logo-ertila-2x.png\",\"width\":257,\"height\":80,\"caption\":\"Agriturismo Ertila\"},\"image\":{\"@id\":\"https:\/\/www.agriturismoertila.it\/#\/schema\/logo\/image\/\"},\"sameAs\":[\"https:\/\/www.facebook.com\/AgriturismoErtila\/\",\"https:\/\/www.instagram.com\/agriturismoertila\/\",\"https:\/\/www.tripadvisor.it\/Restaurant_Review-g1077961-d3330975-Reviews-Agriturismo_Ertila-Bitti_Province_of_Nuoro_Sardinia.html\"]}]}<\/script>\n<!-- \/ Yoast SEO plugin. -->","yoast_head_json":{"title":"Privacy policy - Agriturismo Ertila","robots":{"index":"index","follow":"follow","max-snippet":"max-snippet:-1","max-image-preview":"max-image-preview:large","max-video-preview":"max-video-preview:-1"},"canonical":"https:\/\/www.agriturismoertila.it\/de\/privacy-policy\/","og_locale":"de_DE","og_type":"article","og_title":"Privacy policy - Agriturismo Ertila","og_description":"Privacy Policy Wir verpflichten uns, die Daten unserer Kunden nach dem Datenschutzkodex zu sch\u00fctzen (Art. 13 des italienischen Legislativgesetzes D.lgs. Nr. 196\/03 und diesbez\u00fcglicher Richtlinien aus dem \u00d6ffentlichen Amtsblatt), und GDPR &#8211; Art. 13 und 14 der EU-Verordnung 2016\/679 vom 27. April 2016. Gem\u00e4\u00df der genannten Vorschrift ist die Verarbeitung grunds\u00e4tzlich durch Korrektheit, Zul\u00e4ssigkeit und [&hellip;]","og_url":"https:\/\/www.agriturismoertila.it\/de\/privacy-policy\/","og_site_name":"Agriturismo Ertila","article_publisher":"https:\/\/www.facebook.com\/AgriturismoErtila\/","article_modified_time":"2022-02-20T16:48:06+00:00","twitter_card":"summary_large_image","twitter_misc":{"Gesch\u00e4tzte Lesezeit":"4\u00a0Minuten"},"schema":{"@context":"https:\/\/schema.org","@graph":[{"@type":"WebPage","@id":"https:\/\/www.agriturismoertila.it\/de\/privacy-policy\/","url":"https:\/\/www.agriturismoertila.it\/de\/privacy-policy\/","name":"Privacy policy - Agriturismo Ertila","isPartOf":{"@id":"https:\/\/www.agriturismoertila.it\/#website"},"datePublished":"2022-01-11T11:49:13+00:00","dateModified":"2022-02-20T16:48:06+00:00","breadcrumb":{"@id":"https:\/\/www.agriturismoertila.it\/de\/privacy-policy\/#breadcrumb"},"inLanguage":"de","potentialAction":[{"@type":"ReadAction","target":["https:\/\/www.agriturismoertila.it\/de\/privacy-policy\/"]}]},{"@type":"BreadcrumbList","@id":"https:\/\/www.agriturismoertila.it\/de\/privacy-policy\/#breadcrumb","itemListElement":[{"@type":"ListItem","position":1,"name":"Home","item":"https:\/\/www.agriturismoertila.it\/de\/ertila-ai-confini-del-tepilora\/"},{"@type":"ListItem","position":2,"name":"Privacy policy"}]},{"@type":"WebSite","@id":"https:\/\/www.agriturismoertila.it\/#website","url":"https:\/\/www.agriturismoertila.it\/","name":"Agriturismo Ertila","description":"Ristorante, Agricampeggio, Fattoria a Bitti","publisher":{"@id":"https:\/\/www.agriturismoertila.it\/#organization"},"potentialAction":[{"@type":"SearchAction","target":{"@type":"EntryPoint","urlTemplate":"https:\/\/www.agriturismoertila.it\/?s={search_term_string}"},"query-input":"required name=search_term_string"}],"inLanguage":"de"},{"@type":"Organization","@id":"https:\/\/www.agriturismoertila.it\/#organization","name":"Agriturismo Ertila","url":"https:\/\/www.agriturismoertila.it\/","logo":{"@type":"ImageObject","inLanguage":"de","@id":"https:\/\/www.agriturismoertila.it\/#\/schema\/logo\/image\/","url":"https:\/\/www.agriturismoertila.it\/wp-content\/uploads\/2022\/01\/Logo-ertila-2x.png","contentUrl":"https:\/\/www.agriturismoertila.it\/wp-content\/uploads\/2022\/01\/Logo-ertila-2x.png","width":257,"height":80,"caption":"Agriturismo Ertila"},"image":{"@id":"https:\/\/www.agriturismoertila.it\/#\/schema\/logo\/image\/"},"sameAs":["https:\/\/www.facebook.com\/AgriturismoErtila\/","https:\/\/www.instagram.com\/agriturismoertila\/","https:\/\/www.tripadvisor.it\/Restaurant_Review-g1077961-d3330975-Reviews-Agriturismo_Ertila-Bitti_Province_of_Nuoro_Sardinia.html"]}]}},"_links":{"self":[{"href":"https:\/\/www.agriturismoertila.it\/de\/wp-json\/wp\/v2\/pages\/1284"}],"collection":[{"href":"https:\/\/www.agriturismoertila.it\/de\/wp-json\/wp\/v2\/pages"}],"about":[{"href":"https:\/\/www.agriturismoertila.it\/de\/wp-json\/wp\/v2\/types\/page"}],"author":[{"embeddable":true,"href":"https:\/\/www.agriturismoertila.it\/de\/wp-json\/wp\/v2\/users\/1"}],"replies":[{"embeddable":true,"href":"https:\/\/www.agriturismoertila.it\/de\/wp-json\/wp\/v2\/comments?post=1284"}],"version-history":[{"count":31,"href":"https:\/\/www.agriturismoertila.it\/de\/wp-json\/wp\/v2\/pages\/1284\/revisions"}],"predecessor-version":[{"id":1502,"href":"https:\/\/www.agriturismoertila.it\/de\/wp-json\/wp\/v2\/pages\/1284\/revisions\/1502"}],"wp:attachment":[{"href":"https:\/\/www.agriturismoertila.it\/de\/wp-json\/wp\/v2\/media?parent=1284"}],"curies":[{"name":"wp","href":"https:\/\/api.w.org\/{rel}","templated":true}]}}