{"id":1623,"date":"2022-02-23T09:25:08","date_gmt":"2022-02-23T08:25:08","guid":{"rendered":"https:\/\/www.agriturismoertila.it\/wie-komme-ich-nach-ertila\/"},"modified":"2023-11-04T16:58:38","modified_gmt":"2023-11-04T15:58:38","slug":"wie-komme-ich-nach-ertila","status":"publish","type":"page","link":"https:\/\/www.agriturismoertila.it\/de\/wie-komme-ich-nach-ertila\/","title":{"rendered":"Wie komme ich nach Ertila?"},"content":{"rendered":"\t\t<div data-elementor-type=\"wp-page\" data-elementor-id=\"1623\" class=\"elementor elementor-1623 elementor-1588\" data-elementor-post-type=\"page\">\n\t\t\t\t\t\t\t\t\t<section class=\"elementor-section elementor-top-section elementor-element elementor-element-5c786831 elementor-section-height-min-height elementor-section-boxed elementor-section-height-default elementor-section-items-middle\" data-id=\"5c786831\" data-element_type=\"section\" data-settings=\"{&quot;background_background&quot;:&quot;classic&quot;,&quot;_ha_eqh_enable&quot;:false}\">\n\t\t\t\t\t\t<div class=\"elementor-container elementor-column-gap-default\">\n\t\t\t\t\t<div class=\"elementor-column elementor-col-100 elementor-top-column elementor-element elementor-element-716efb14\" data-id=\"716efb14\" data-element_type=\"column\">\n\t\t\t<div class=\"elementor-widget-wrap\">\n\t\t\t\t\t\t\t\t\t<\/div>\n\t\t<\/div>\n\t\t\t\t\t\t\t<\/div>\n\t\t<\/section>\n\t\t\t\t<section class=\"elementor-section elementor-top-section elementor-element elementor-element-2840f7f4 elementor-section-boxed elementor-section-height-default elementor-section-height-default elementor-invisible\" data-id=\"2840f7f4\" data-element_type=\"section\" data-settings=\"{&quot;background_background&quot;:&quot;classic&quot;,&quot;animation&quot;:&quot;fadeInUp&quot;,&quot;_ha_eqh_enable&quot;:false}\">\n\t\t\t\t\t\t<div class=\"elementor-container elementor-column-gap-default\">\n\t\t\t\t\t<div class=\"elementor-column elementor-col-50 elementor-top-column elementor-element elementor-element-72eb530e\" data-id=\"72eb530e\" data-element_type=\"column\">\n\t\t\t<div class=\"elementor-widget-wrap elementor-element-populated\">\n\t\t\t\t\t\t\t\t<div class=\"elementor-element elementor-element-75c68267 elementor-widget elementor-widget-heading\" data-id=\"75c68267\" data-element_type=\"widget\" data-widget_type=\"heading.default\">\n\t\t\t\t<div class=\"elementor-widget-container\">\n\t\t\t<h2 class=\"elementor-heading-title elementor-size-default\">Wie komme ich nach Ertila?<\/h2>\t\t<\/div>\n\t\t\t\t<\/div>\n\t\t\t\t<div class=\"elementor-element elementor-element-2f253255 elementor-widget elementor-widget-text-editor\" data-id=\"2f253255\" data-element_type=\"widget\" data-widget_type=\"text-editor.default\">\n\t\t\t\t<div class=\"elementor-widget-container\">\n\t\t\t\t\t\t\t<p>Folgen Sie unseren Ratschl\u00e4gen, um uns zu finden:<\/p>\n<ul>\n<li><strong>Von S\u00fcden kommend:<\/strong> Nehmen Sie die SS 131 DCN in Richtung Olbia-Siniscola und fahren Sie bei Lula-Bitti ab. Nach 17 km erreichen Sie Bitti und folgen von hier aus der Richtung \u201eN.S. dell&#8217;Annunziata&#8221;. Nach etwa 15 km biegen Sie rechts in Richtung Mamone-Lod\u00e8 ab. Nach etwa 100 m, vor Mamone, finden Sie links eine asphaltierte Nebenstra\u00dfe und die Beschilderung nach Ertila, die etwa 500 m entfernt liegt<\/li>\n<li><strong>Wenn Sie von Sassari kommen<\/strong>, fahren Sie nach Buddus\u00f2, durchqueren Sie die Stadt und folgen Sie der Richtung Nuoro-Bitti. Nach etwa 15 km biegen Sie links in Richtung Mamone-Lod\u00e8 ab und nach weiteren 12 km finden Sie links eine asphaltierte Nebenstra\u00dfe vor Mamone und den Schildern nach Ertila, die sich etwa 500 m entfernt befinden.<\/li>\n<li><strong>Wenn Sie von Olbia kommen<\/strong>, nehmen Sie die 131 DCN in Richtung Nuoro f\u00fcr etwa 70 km und fahren Sie bei Lula \/ Bitti ab. Nach 17 km erreichen Sie Bitti und folgen von hier aus der Richtung \u201eN.S. dell&#8217;Annunziata&#8221;. Nach etwa 15 km biegen Sie rechts in Richtung Mamone-Lod\u00e8 ab. Nach etwa 100 m, vor Mamone, finden Sie links eine asphaltierte Nebenstra\u00dfe und die Beschilderung nach Ertila, die etwa 500 m entfernt liegt<\/li>\n<\/ul>\n<p>Ertila GPS-Punkt: <strong>N. 40\u00b0 34.790&#8242; E. 009\u00b0 25.220&#8242;<\/strong><\/p>\n\t\t\t\t\t\t<\/div>\n\t\t\t\t<\/div>\n\t\t\t\t\t<\/div>\n\t\t<\/div>\n\t\t\t\t<div class=\"elementor-column elementor-col-50 elementor-top-column elementor-element elementor-element-75bc89bb\" data-id=\"75bc89bb\" data-element_type=\"column\" data-settings=\"{&quot;background_background&quot;:&quot;classic&quot;}\">\n\t\t\t<div class=\"elementor-widget-wrap elementor-element-populated\">\n\t\t\t\t\t\t\t\t<div class=\"elementor-element elementor-element-5d24ec04 elementor-widget elementor-widget-image\" data-id=\"5d24ec04\" data-element_type=\"widget\" data-widget_type=\"image.default\">\n\t\t\t\t<div class=\"elementor-widget-container\">\n\t\t\t\t\t\t\t\t\t\t\t\t\t\t\t<img decoding=\"async\" loading=\"lazy\" width=\"1000\" height=\"1388\" src=\"https:\/\/www.agriturismoertila.it\/wp-content\/uploads\/2022\/02\/ertila-come-arrivare.jpg\" class=\"attachment-full size-full wp-image-1638\" alt=\"\" srcset=\"https:\/\/www.agriturismoertila.it\/wp-content\/uploads\/2022\/02\/ertila-come-arrivare.jpg 1000w, https:\/\/www.agriturismoertila.it\/wp-content\/uploads\/2022\/02\/ertila-come-arrivare-216x300.jpg 216w, https:\/\/www.agriturismoertila.it\/wp-content\/uploads\/2022\/02\/ertila-come-arrivare-738x1024.jpg 738w, https:\/\/www.agriturismoertila.it\/wp-content\/uploads\/2022\/02\/ertila-come-arrivare-768x1066.jpg 768w\" sizes=\"(max-width: 1000px) 100vw, 1000px\" \/>\t\t\t\t\t\t\t\t\t\t\t\t\t\t\t<\/div>\n\t\t\t\t<\/div>\n\t\t\t\t\t<\/div>\n\t\t<\/div>\n\t\t\t\t\t\t\t<\/div>\n\t\t<\/section>\n\t\t\t\t<section class=\"elementor-section elementor-top-section elementor-element elementor-element-84243a1 elementor-section-full_width elementor-section-height-default elementor-section-height-default\" data-id=\"84243a1\" data-element_type=\"section\" data-settings=\"{&quot;background_background&quot;:&quot;classic&quot;,&quot;_ha_eqh_enable&quot;:false}\">\n\t\t\t\t\t\t<div class=\"elementor-container elementor-column-gap-default\">\n\t\t\t\t\t<div class=\"elementor-column elementor-col-20 elementor-top-column elementor-element elementor-element-2db666c\" data-id=\"2db666c\" data-element_type=\"column\">\n\t\t\t<div class=\"elementor-widget-wrap elementor-element-populated\">\n\t\t\t\t\t\t\t\t<div class=\"elementor-element elementor-element-aee9880 elementor-flip-box--3d elementor-flip-box--effect-flip elementor-flip-box--direction-up elementor-widget elementor-widget-flip-box\" data-id=\"aee9880\" data-element_type=\"widget\" data-widget_type=\"flip-box.default\">\n\t\t\t\t<div class=\"elementor-widget-container\">\n\t\t\t\t\t<div class=\"elementor-flip-box\" tabindex=\"0\">\n\t\t\t<div class=\"elementor-flip-box__layer elementor-flip-box__front\">\n\t\t\t\t<div class=\"elementor-flip-box__layer__overlay\">\n\t\t\t\t\t<div class=\"elementor-flip-box__layer__inner\">\n\t\t\t\t\t\t\n\t\t\t\t\t\t\t\t\t\t\t\t\t<h3 class=\"elementor-flip-box__layer__title\">\n\t\t\t\t\t\t\t\tRestaurant\t\t\t\t\t\t\t<\/h3>\n\t\t\t\t\t\t\n\t\t\t\t\t\t\t\t\t\t\t<\/div>\n\t\t\t\t<\/div>\n\t\t\t<\/div>\n\t\t\t<div class=\"elementor-flip-box__layer elementor-flip-box__back\">\n\t\t\t<div class=\"elementor-flip-box__layer__overlay\">\n\t\t\t\t<div class=\"elementor-flip-box__layer__inner\">\n\t\t\t\t\t\t\t\t\t\t\t<h3 class=\"elementor-flip-box__layer__title\">\n\t\t\t\t\t\t\tRestaurant\t\t\t\t\t\t<\/h3>\n\t\t\t\t\t\n\t\t\t\t\t\t\t\t\t\t\t<div class=\"elementor-flip-box__layer__description\">\n\t\t\t\t\t\t\ttypisches Bitti-Men\u00fc mit unseren Bio-Produkten, von Brot \u00fcber Fleisch und K\u00e4se bis hin zu traditionellen Desserts.\t\t\t\t\t\t<\/div>\n\t\t\t\t\t\n\t\t\t\t\t\t\t\t<\/div>\n\t\t<\/div>\n\t\t<\/div>\n\t\t<\/div>\n\t\t\t\t<\/div>\n\t\t\t\t<\/div>\n\t\t\t\t\t<\/div>\n\t\t<\/div>\n\t\t\t\t<div class=\"elementor-column elementor-col-20 elementor-top-column elementor-element elementor-element-e5a146c\" data-id=\"e5a146c\" data-element_type=\"column\">\n\t\t\t<div class=\"elementor-widget-wrap elementor-element-populated\">\n\t\t\t\t\t\t\t\t<div class=\"elementor-element elementor-element-86f27d9 elementor-flip-box--3d elementor-flip-box--effect-flip elementor-flip-box--direction-up elementor-widget elementor-widget-flip-box\" data-id=\"86f27d9\" data-element_type=\"widget\" data-widget_type=\"flip-box.default\">\n\t\t\t\t<div class=\"elementor-widget-container\">\n\t\t\t\t\t<div class=\"elementor-flip-box\" tabindex=\"0\">\n\t\t\t<div class=\"elementor-flip-box__layer elementor-flip-box__front\">\n\t\t\t\t<div class=\"elementor-flip-box__layer__overlay\">\n\t\t\t\t\t<div class=\"elementor-flip-box__layer__inner\">\n\t\t\t\t\t\t\n\t\t\t\t\t\t\t\t\t\t\t\t\t<h3 class=\"elementor-flip-box__layer__title\">\n\t\t\t\t\t\t\t\tCamping\t\t\t\t\t\t\t<\/h3>\n\t\t\t\t\t\t\n\t\t\t\t\t\t\t\t\t\t\t<\/div>\n\t\t\t\t<\/div>\n\t\t\t<\/div>\n\t\t\t<div class=\"elementor-flip-box__layer elementor-flip-box__back\">\n\t\t\t<div class=\"elementor-flip-box__layer__overlay\">\n\t\t\t\t<div class=\"elementor-flip-box__layer__inner\">\n\t\t\t\t\t\t\t\t\t\t\t<h3 class=\"elementor-flip-box__layer__title\">\n\t\t\t\t\t\t\tCamping\t\t\t\t\t\t<\/h3>\n\t\t\t\t\t\n\t\t\t\t\t\t\t\t\t\t\t<div class=\"elementor-flip-box__layer__description\">\n\t\t\t\t\t\t\tStellpl\u00e4tze f\u00fcr Zelte, Wohnmobile oder Wohnwagen mit Stromanschl\u00fcssen und Dienstleistungen.\t\t\t\t\t\t<\/div>\n\t\t\t\t\t\n\t\t\t\t\t\t\t\t<\/div>\n\t\t<\/div>\n\t\t<\/div>\n\t\t<\/div>\n\t\t\t\t<\/div>\n\t\t\t\t<\/div>\n\t\t\t\t\t<\/div>\n\t\t<\/div>\n\t\t\t\t<div class=\"elementor-column elementor-col-20 elementor-top-column elementor-element elementor-element-a0a8cd8\" data-id=\"a0a8cd8\" data-element_type=\"column\">\n\t\t\t<div class=\"elementor-widget-wrap elementor-element-populated\">\n\t\t\t\t\t\t\t\t<div class=\"elementor-element elementor-element-83e8ad4 elementor-flip-box--3d elementor-flip-box--effect-flip elementor-flip-box--direction-up elementor-widget elementor-widget-flip-box\" data-id=\"83e8ad4\" data-element_type=\"widget\" data-widget_type=\"flip-box.default\">\n\t\t\t\t<div class=\"elementor-widget-container\">\n\t\t\t\t\t<div class=\"elementor-flip-box\" tabindex=\"0\">\n\t\t\t<div class=\"elementor-flip-box__layer elementor-flip-box__front\">\n\t\t\t\t<div class=\"elementor-flip-box__layer__overlay\">\n\t\t\t\t\t<div class=\"elementor-flip-box__layer__inner\">\n\t\t\t\t\t\t\n\t\t\t\t\t\t\t\t\t\t\t\t\t<h3 class=\"elementor-flip-box__layer__title\">\n\t\t\t\t\t\t\t\tZimmer\t\t\t\t\t\t\t<\/h3>\n\t\t\t\t\t\t\n\t\t\t\t\t\t\t\t\t\t\t<\/div>\n\t\t\t\t<\/div>\n\t\t\t<\/div>\n\t\t\t<div class=\"elementor-flip-box__layer elementor-flip-box__back\">\n\t\t\t<div class=\"elementor-flip-box__layer__overlay\">\n\t\t\t\t<div class=\"elementor-flip-box__layer__inner\">\n\t\t\t\t\t\t\t\t\t\t\t<h3 class=\"elementor-flip-box__layer__title\">\n\t\t\t\t\t\t\tZimmer\t\t\t\t\t\t<\/h3>\n\t\t\t\t\t\n\t\t\t\t\t\t\t\t\t\t\t<div class=\"elementor-flip-box__layer__description\">\n\t\t\t\t\t\t\t18 Betten in Zimmern mit eigenem Bad\t\t\t\t\t\t<\/div>\n\t\t\t\t\t\n\t\t\t\t\t\t\t\t<\/div>\n\t\t<\/div>\n\t\t<\/div>\n\t\t<\/div>\n\t\t\t\t<\/div>\n\t\t\t\t<\/div>\n\t\t\t\t\t<\/div>\n\t\t<\/div>\n\t\t\t\t<div class=\"elementor-column elementor-col-20 elementor-top-column elementor-element elementor-element-5e10bef\" data-id=\"5e10bef\" data-element_type=\"column\">\n\t\t\t<div class=\"elementor-widget-wrap elementor-element-populated\">\n\t\t\t\t\t\t\t\t<div class=\"elementor-element elementor-element-22bb3df elementor-flip-box--3d elementor-flip-box--effect-flip elementor-flip-box--direction-up elementor-widget elementor-widget-flip-box\" data-id=\"22bb3df\" data-element_type=\"widget\" data-widget_type=\"flip-box.default\">\n\t\t\t\t<div class=\"elementor-widget-container\">\n\t\t\t\t\t<div class=\"elementor-flip-box\" tabindex=\"0\">\n\t\t\t<div class=\"elementor-flip-box__layer elementor-flip-box__front\">\n\t\t\t\t<div class=\"elementor-flip-box__layer__overlay\">\n\t\t\t\t\t<div class=\"elementor-flip-box__layer__inner\">\n\t\t\t\t\t\t\n\t\t\t\t\t\t\t\t\t\t\t\t\t<h3 class=\"elementor-flip-box__layer__title\">\n\t\t\t\t\t\t\t\tWandern\t\t\t\t\t\t\t<\/h3>\n\t\t\t\t\t\t\n\t\t\t\t\t\t\t\t\t\t\t<\/div>\n\t\t\t\t<\/div>\n\t\t\t<\/div>\n\t\t\t<div class=\"elementor-flip-box__layer elementor-flip-box__back\">\n\t\t\t<div class=\"elementor-flip-box__layer__overlay\">\n\t\t\t\t<div class=\"elementor-flip-box__layer__inner\">\n\t\t\t\t\t\t\t\t\t\t\t<h3 class=\"elementor-flip-box__layer__title\">\n\t\t\t\t\t\t\tWandern\t\t\t\t\t\t<\/h3>\n\t\t\t\t\t\n\t\t\t\t\t\t\t\t\t\t\t<div class=\"elementor-flip-box__layer__description\">\n\t\t\t\t\t\t\tkostenlose oder gef\u00fchrte Ausfl\u00fcge in die Natur im\nRegionalen Naturpark Tepilora und gef\u00fchrte Besichtigungen der arch\u00e4ologischen St\u00e4tten der Gegend\t\t\t\t\t\t<\/div>\n\t\t\t\t\t\n\t\t\t\t\t\t\t\t<\/div>\n\t\t<\/div>\n\t\t<\/div>\n\t\t<\/div>\n\t\t\t\t<\/div>\n\t\t\t\t<\/div>\n\t\t\t\t\t<\/div>\n\t\t<\/div>\n\t\t\t\t<div class=\"elementor-column elementor-col-20 elementor-top-column elementor-element elementor-element-ac0343a\" data-id=\"ac0343a\" data-element_type=\"column\">\n\t\t\t<div class=\"elementor-widget-wrap elementor-element-populated\">\n\t\t\t\t\t\t\t\t<div class=\"elementor-element elementor-element-17d0253 elementor-flip-box--3d elementor-flip-box--effect-flip elementor-flip-box--direction-up elementor-widget elementor-widget-flip-box\" data-id=\"17d0253\" data-element_type=\"widget\" data-widget_type=\"flip-box.default\">\n\t\t\t\t<div class=\"elementor-widget-container\">\n\t\t\t\t\t<div class=\"elementor-flip-box\" tabindex=\"0\">\n\t\t\t<div class=\"elementor-flip-box__layer elementor-flip-box__front\">\n\t\t\t\t<div class=\"elementor-flip-box__layer__overlay\">\n\t\t\t\t\t<div class=\"elementor-flip-box__layer__inner\">\n\t\t\t\t\t\t\n\t\t\t\t\t\t\t\t\t\t\t\t\t<h3 class=\"elementor-flip-box__layer__title\">\n\t\t\t\t\t\t\t\tBauernhof\t\t\t\t\t\t\t<\/h3>\n\t\t\t\t\t\t\n\t\t\t\t\t\t\t\t\t\t\t<\/div>\n\t\t\t\t<\/div>\n\t\t\t<\/div>\n\t\t\t<div class=\"elementor-flip-box__layer elementor-flip-box__back\">\n\t\t\t<div class=\"elementor-flip-box__layer__overlay\">\n\t\t\t\t<div class=\"elementor-flip-box__layer__inner\">\n\t\t\t\t\t\t\t\t\t\t\t<h3 class=\"elementor-flip-box__layer__title\">\n\t\t\t\t\t\t\tBauernhof\t\t\t\t\t\t<\/h3>\n\t\t\t\t\t\n\t\t\t\t\t\t\t\t\t\t\t<div class=\"elementor-flip-box__layer__description\">\n\t\t\t\t\t\t\tTiere und ihre Pflege, die von der Natur diktierten Rhythmen, um die Wurzeln des agro-pastoralen Lebens im Herzen Sardiniens wiederzuentdecken.\t\t\t\t\t\t<\/div>\n\t\t\t\t\t\n\t\t\t\t\t\t\t\t<\/div>\n\t\t<\/div>\n\t\t<\/div>\n\t\t<\/div>\n\t\t\t\t<\/div>\n\t\t\t\t<\/div>\n\t\t\t\t\t<\/div>\n\t\t<\/div>\n\t\t\t\t\t\t\t<\/div>\n\t\t<\/section>\n\t\t\t\t<section class=\"elementor-section elementor-top-section elementor-element elementor-element-41c4caab elementor-section-boxed elementor-section-height-default elementor-section-height-default\" data-id=\"41c4caab\" data-element_type=\"section\" data-settings=\"{&quot;background_background&quot;:&quot;classic&quot;,&quot;_ha_eqh_enable&quot;:false}\">\n\t\t\t\t\t\t<div class=\"elementor-container elementor-column-gap-default\">\n\t\t\t\t\t<div class=\"elementor-column elementor-col-100 elementor-top-column elementor-element elementor-element-5bb91722\" data-id=\"5bb91722\" data-element_type=\"column\">\n\t\t\t<div class=\"elementor-widget-wrap elementor-element-populated\">\n\t\t\t\t\t\t\t\t<div class=\"elementor-element elementor-element-6fe18e07 elementor-widget elementor-widget-heading\" data-id=\"6fe18e07\" data-element_type=\"widget\" data-widget_type=\"heading.default\">\n\t\t\t\t<div class=\"elementor-widget-container\">\n\t\t\t<h2 class=\"elementor-heading-title elementor-size-default\">Karte<\/h2>\t\t<\/div>\n\t\t\t\t<\/div>\n\t\t\t\t<div class=\"elementor-element elementor-element-6037851 elementor-widget elementor-widget-html\" data-id=\"6037851\" data-element_type=\"widget\" data-widget_type=\"html.default\">\n\t\t\t\t<div class=\"elementor-widget-container\">\n\t\t\t<iframe src=\"https:\/\/www.google.com\/maps\/embed?pb=!1m18!1m12!1m3!1d387874.20302934956!2d9.139783041022904!3d40.57985685362603!2m3!1f0!2f0!3f0!3m2!1i1024!2i768!4f13.1!3m3!1m2!1s0x12de976aaaaaaaab%3A0x591f93115e1bbf08!2sAgriturismo%2F%20Agricampeggio%2F%20Sosta%20Camper%2F%20Ertila!5e0!3m2!1sit!2sus!4v1645605287324!5m2!1sit!2sus\" width=\"100%\" height=\"450\" style=\"border:0;\" allowfullscreen=\"\" loading=\"lazy\"><\/iframe>\t\t<\/div>\n\t\t\t\t<\/div>\n\t\t\t\t\t<\/div>\n\t\t<\/div>\n\t\t\t\t\t\t\t<\/div>\n\t\t<\/section>\n\t\t\t\t\t\t\t<\/div>\n\t\t","protected":false},"excerpt":{"rendered":"<p>Wie komme ich nach Ertila? Folgen Sie unseren Ratschl\u00e4gen, um uns zu finden: Von S\u00fcden kommend: Nehmen Sie die SS 131 DCN in Richtung Olbia-Siniscola und fahren Sie bei Lula-Bitti ab. Nach 17 km erreichen Sie Bitti und folgen von hier aus der Richtung \u201eN.S. dell&#8217;Annunziata&#8221;. Nach etwa 15 km biegen Sie rechts in Richtung [&hellip;]<\/p>\n","protected":false},"author":1,"featured_media":0,"parent":0,"menu_order":0,"comment_status":"closed","ping_status":"closed","template":"","meta":{"footnotes":""},"yoast_head":"<!-- This site is optimized with the Yoast SEO plugin v21.5 - https:\/\/yoast.com\/wordpress\/plugins\/seo\/ -->\n<title>Wie komme ich nach Ertila? - Agriturismo Ertila<\/title>\n<meta name=\"robots\" content=\"index, follow, max-snippet:-1, max-image-preview:large, max-video-preview:-1\" \/>\n<link rel=\"canonical\" href=\"https:\/\/www.agriturismoertila.it\/de\/wie-komme-ich-nach-ertila\/\" \/>\n<meta property=\"og:locale\" content=\"de_DE\" \/>\n<meta property=\"og:type\" content=\"article\" \/>\n<meta property=\"og:title\" content=\"Wie komme ich nach Ertila? - Agriturismo Ertila\" \/>\n<meta property=\"og:description\" content=\"Wie komme ich nach Ertila? Folgen Sie unseren Ratschl\u00e4gen, um uns zu finden: Von S\u00fcden kommend: Nehmen Sie die SS 131 DCN in Richtung Olbia-Siniscola und fahren Sie bei Lula-Bitti ab. Nach 17 km erreichen Sie Bitti und folgen von hier aus der Richtung \u201eN.S. dell&#8217;Annunziata&#8221;. Nach etwa 15 km biegen Sie rechts in Richtung [&hellip;]\" \/>\n<meta property=\"og:url\" content=\"https:\/\/www.agriturismoertila.it\/de\/wie-komme-ich-nach-ertila\/\" \/>\n<meta property=\"og:site_name\" content=\"Agriturismo Ertila\" \/>\n<meta property=\"article:publisher\" content=\"https:\/\/www.facebook.com\/AgriturismoErtila\/\" \/>\n<meta property=\"article:modified_time\" content=\"2023-11-04T15:58:38+00:00\" \/>\n<meta property=\"og:image\" content=\"https:\/\/www.agriturismoertila.it\/wp-content\/uploads\/2022\/02\/ertila-come-arrivare.jpg\" \/>\n<meta name=\"twitter:card\" content=\"summary_large_image\" \/>\n<meta name=\"twitter:label1\" content=\"Gesch\u00e4tzte Lesezeit\" \/>\n\t<meta name=\"twitter:data1\" content=\"1\u00a0Minute\" \/>\n<script type=\"application\/ld+json\" class=\"yoast-schema-graph\">{\"@context\":\"https:\/\/schema.org\",\"@graph\":[{\"@type\":\"WebPage\",\"@id\":\"https:\/\/www.agriturismoertila.it\/de\/wie-komme-ich-nach-ertila\/\",\"url\":\"https:\/\/www.agriturismoertila.it\/de\/wie-komme-ich-nach-ertila\/\",\"name\":\"Wie komme ich nach Ertila? - Agriturismo Ertila\",\"isPartOf\":{\"@id\":\"https:\/\/www.agriturismoertila.it\/#website\"},\"datePublished\":\"2022-02-23T08:25:08+00:00\",\"dateModified\":\"2023-11-04T15:58:38+00:00\",\"breadcrumb\":{\"@id\":\"https:\/\/www.agriturismoertila.it\/de\/wie-komme-ich-nach-ertila\/#breadcrumb\"},\"inLanguage\":\"de\",\"potentialAction\":[{\"@type\":\"ReadAction\",\"target\":[\"https:\/\/www.agriturismoertila.it\/de\/wie-komme-ich-nach-ertila\/\"]}]},{\"@type\":\"BreadcrumbList\",\"@id\":\"https:\/\/www.agriturismoertila.it\/de\/wie-komme-ich-nach-ertila\/#breadcrumb\",\"itemListElement\":[{\"@type\":\"ListItem\",\"position\":1,\"name\":\"Home\",\"item\":\"https:\/\/www.agriturismoertila.it\/de\/ertila-ai-confini-del-tepilora\/\"},{\"@type\":\"ListItem\",\"position\":2,\"name\":\"Wie komme ich nach Ertila?\"}]},{\"@type\":\"WebSite\",\"@id\":\"https:\/\/www.agriturismoertila.it\/#website\",\"url\":\"https:\/\/www.agriturismoertila.it\/\",\"name\":\"Agriturismo Ertila\",\"description\":\"Ristorante, Agricampeggio, Fattoria a Bitti\",\"publisher\":{\"@id\":\"https:\/\/www.agriturismoertila.it\/#organization\"},\"potentialAction\":[{\"@type\":\"SearchAction\",\"target\":{\"@type\":\"EntryPoint\",\"urlTemplate\":\"https:\/\/www.agriturismoertila.it\/?s={search_term_string}\"},\"query-input\":\"required name=search_term_string\"}],\"inLanguage\":\"de\"},{\"@type\":\"Organization\",\"@id\":\"https:\/\/www.agriturismoertila.it\/#organization\",\"name\":\"Agriturismo Ertila\",\"url\":\"https:\/\/www.agriturismoertila.it\/\",\"logo\":{\"@type\":\"ImageObject\",\"inLanguage\":\"de\",\"@id\":\"https:\/\/www.agriturismoertila.it\/#\/schema\/logo\/image\/\",\"url\":\"https:\/\/www.agriturismoertila.it\/wp-content\/uploads\/2022\/01\/Logo-ertila-2x.png\",\"contentUrl\":\"https:\/\/www.agriturismoertila.it\/wp-content\/uploads\/2022\/01\/Logo-ertila-2x.png\",\"width\":257,\"height\":80,\"caption\":\"Agriturismo Ertila\"},\"image\":{\"@id\":\"https:\/\/www.agriturismoertila.it\/#\/schema\/logo\/image\/\"},\"sameAs\":[\"https:\/\/www.facebook.com\/AgriturismoErtila\/\",\"https:\/\/www.instagram.com\/agriturismoertila\/\",\"https:\/\/www.tripadvisor.it\/Restaurant_Review-g1077961-d3330975-Reviews-Agriturismo_Ertila-Bitti_Province_of_Nuoro_Sardinia.html\"]}]}<\/script>\n<!-- \/ Yoast SEO plugin. -->","yoast_head_json":{"title":"Wie komme ich nach Ertila? - Agriturismo Ertila","robots":{"index":"index","follow":"follow","max-snippet":"max-snippet:-1","max-image-preview":"max-image-preview:large","max-video-preview":"max-video-preview:-1"},"canonical":"https:\/\/www.agriturismoertila.it\/de\/wie-komme-ich-nach-ertila\/","og_locale":"de_DE","og_type":"article","og_title":"Wie komme ich nach Ertila? - Agriturismo Ertila","og_description":"Wie komme ich nach Ertila? Folgen Sie unseren Ratschl\u00e4gen, um uns zu finden: Von S\u00fcden kommend: Nehmen Sie die SS 131 DCN in Richtung Olbia-Siniscola und fahren Sie bei Lula-Bitti ab. Nach 17 km erreichen Sie Bitti und folgen von hier aus der Richtung \u201eN.S. dell&#8217;Annunziata&#8221;. Nach etwa 15 km biegen Sie rechts in Richtung [&hellip;]","og_url":"https:\/\/www.agriturismoertila.it\/de\/wie-komme-ich-nach-ertila\/","og_site_name":"Agriturismo Ertila","article_publisher":"https:\/\/www.facebook.com\/AgriturismoErtila\/","article_modified_time":"2023-11-04T15:58:38+00:00","og_image":[{"url":"https:\/\/www.agriturismoertila.it\/wp-content\/uploads\/2022\/02\/ertila-come-arrivare.jpg"}],"twitter_card":"summary_large_image","twitter_misc":{"Gesch\u00e4tzte Lesezeit":"1\u00a0Minute"},"schema":{"@context":"https:\/\/schema.org","@graph":[{"@type":"WebPage","@id":"https:\/\/www.agriturismoertila.it\/de\/wie-komme-ich-nach-ertila\/","url":"https:\/\/www.agriturismoertila.it\/de\/wie-komme-ich-nach-ertila\/","name":"Wie komme ich nach Ertila? - Agriturismo Ertila","isPartOf":{"@id":"https:\/\/www.agriturismoertila.it\/#website"},"datePublished":"2022-02-23T08:25:08+00:00","dateModified":"2023-11-04T15:58:38+00:00","breadcrumb":{"@id":"https:\/\/www.agriturismoertila.it\/de\/wie-komme-ich-nach-ertila\/#breadcrumb"},"inLanguage":"de","potentialAction":[{"@type":"ReadAction","target":["https:\/\/www.agriturismoertila.it\/de\/wie-komme-ich-nach-ertila\/"]}]},{"@type":"BreadcrumbList","@id":"https:\/\/www.agriturismoertila.it\/de\/wie-komme-ich-nach-ertila\/#breadcrumb","itemListElement":[{"@type":"ListItem","position":1,"name":"Home","item":"https:\/\/www.agriturismoertila.it\/de\/ertila-ai-confini-del-tepilora\/"},{"@type":"ListItem","position":2,"name":"Wie komme ich nach Ertila?"}]},{"@type":"WebSite","@id":"https:\/\/www.agriturismoertila.it\/#website","url":"https:\/\/www.agriturismoertila.it\/","name":"Agriturismo Ertila","description":"Ristorante, Agricampeggio, Fattoria a Bitti","publisher":{"@id":"https:\/\/www.agriturismoertila.it\/#organization"},"potentialAction":[{"@type":"SearchAction","target":{"@type":"EntryPoint","urlTemplate":"https:\/\/www.agriturismoertila.it\/?s={search_term_string}"},"query-input":"required name=search_term_string"}],"inLanguage":"de"},{"@type":"Organization","@id":"https:\/\/www.agriturismoertila.it\/#organization","name":"Agriturismo Ertila","url":"https:\/\/www.agriturismoertila.it\/","logo":{"@type":"ImageObject","inLanguage":"de","@id":"https:\/\/www.agriturismoertila.it\/#\/schema\/logo\/image\/","url":"https:\/\/www.agriturismoertila.it\/wp-content\/uploads\/2022\/01\/Logo-ertila-2x.png","contentUrl":"https:\/\/www.agriturismoertila.it\/wp-content\/uploads\/2022\/01\/Logo-ertila-2x.png","width":257,"height":80,"caption":"Agriturismo Ertila"},"image":{"@id":"https:\/\/www.agriturismoertila.it\/#\/schema\/logo\/image\/"},"sameAs":["https:\/\/www.facebook.com\/AgriturismoErtila\/","https:\/\/www.instagram.com\/agriturismoertila\/","https:\/\/www.tripadvisor.it\/Restaurant_Review-g1077961-d3330975-Reviews-Agriturismo_Ertila-Bitti_Province_of_Nuoro_Sardinia.html"]}]}},"_links":{"self":[{"href":"https:\/\/www.agriturismoertila.it\/de\/wp-json\/wp\/v2\/pages\/1623"}],"collection":[{"href":"https:\/\/www.agriturismoertila.it\/de\/wp-json\/wp\/v2\/pages"}],"about":[{"href":"https:\/\/www.agriturismoertila.it\/de\/wp-json\/wp\/v2\/types\/page"}],"author":[{"embeddable":true,"href":"https:\/\/www.agriturismoertila.it\/de\/wp-json\/wp\/v2\/users\/1"}],"replies":[{"embeddable":true,"href":"https:\/\/www.agriturismoertila.it\/de\/wp-json\/wp\/v2\/comments?post=1623"}],"version-history":[{"count":6,"href":"https:\/\/www.agriturismoertila.it\/de\/wp-json\/wp\/v2\/pages\/1623\/revisions"}],"predecessor-version":[{"id":2016,"href":"https:\/\/www.agriturismoertila.it\/de\/wp-json\/wp\/v2\/pages\/1623\/revisions\/2016"}],"wp:attachment":[{"href":"https:\/\/www.agriturismoertila.it\/de\/wp-json\/wp\/v2\/media?parent=1623"}],"curies":[{"name":"wp","href":"https:\/\/api.w.org\/{rel}","templated":true}]}}