{"id":1729,"date":"2022-02-24T12:11:31","date_gmt":"2022-02-24T11:11:31","guid":{"rendered":"https:\/\/www.agriturismoertila.it\/cookie-policy\/"},"modified":"2022-02-24T18:06:55","modified_gmt":"2022-02-24T17:06:55","slug":"cookie-policy","status":"publish","type":"page","link":"https:\/\/www.agriturismoertila.it\/de\/cookie-policy\/","title":{"rendered":"Cookie Policy"},"content":{"rendered":"\t\t<div data-elementor-type=\"wp-page\" data-elementor-id=\"1729\" class=\"elementor elementor-1729 elementor-1669\" data-elementor-post-type=\"page\">\n\t\t\t\t\t\t\t\t\t<section class=\"elementor-section elementor-top-section elementor-element elementor-element-5b279a4a elementor-section-boxed elementor-section-height-default elementor-section-height-default\" data-id=\"5b279a4a\" data-element_type=\"section\" data-settings=\"{&quot;_ha_eqh_enable&quot;:false}\">\n\t\t\t\t\t\t<div class=\"elementor-container elementor-column-gap-default\">\n\t\t\t\t\t<div class=\"elementor-column elementor-col-100 elementor-top-column elementor-element elementor-element-a718f42\" data-id=\"a718f42\" data-element_type=\"column\">\n\t\t\t<div class=\"elementor-widget-wrap elementor-element-populated\">\n\t\t\t\t\t\t\t\t<div class=\"elementor-element elementor-element-57218c66 elementor-widget elementor-widget-text-editor\" data-id=\"57218c66\" data-element_type=\"widget\" data-widget_type=\"text-editor.default\">\n\t\t\t\t<div class=\"elementor-widget-container\">\n\t\t\t\t\t\t\t<div class=\"cli_pg_page_contaner\"><h3>\u00dcber diese Cookie-Policy<\/h3><div><p>Diese Cookie-Richtlinie erkl\u00e4rt, was Cookies sind und wie wir sie verwenden, welche Arten von Cookies wir verwenden, d. h. die Informationen, die wir mithilfe von Cookies sammeln und wie diese Informationen verwendet werden, und wie Sie die Cookie-Einstellungen steuern k\u00f6nnen. Weitere Informationen dar\u00fcber, wie wir Ihre personenbezogenen Daten verwenden, speichern und sch\u00fctzen, finden Sie in unserer Datenschutzrichtlinie.<\/p><p>Sie k\u00f6nnen Ihre Zustimmung zu der Cookie-Erkl\u00e4rung auf unserer Website jederzeit \u00e4ndern oder widerrufen.<br>Erfahren Sie in unserer Datenschutzrichtlinie mehr dar\u00fcber, wer wir sind, wie Sie uns kontaktieren k\u00f6nnen und wie wir personenbezogene Daten verarbeiten.<br>Ihre Einwilligung gilt f\u00fcr die folgenden Domains: www.agriturismoertila.it<br><div class=\"cli_user_consent_state\">Dein aktueller Status: Keine Einwilligung erteilt. <a class=\"cli_manage_current_consent\" style=\"cursor:pointer;text-decoration:underline;\">Verwalte deine Einwilligung<\/a> <\/div><\/p><\/div><h3>Was sind cookies ?<\/h3><div>Cookies sind kleine Textdateien, die verwendet werden, um kleine Informationen zu speichern. Sie werden auf Ihrem Ger\u00e4t gespeichert, wenn die Website in Ihrem Browser geladen wird. Diese Cookies helfen uns, die Website ordnungsgem\u00e4\u00df funktionieren zu lassen, sie sicherer zu machen, eine bessere Benutzererfahrung zu bieten und zu verstehen, wie die Website funktioniert, und zu analysieren, was funktioniert und wo sie verbessert werden muss.<\/div><h3>Wie verwenden wir Cookies?<\/h3><div><p>Wie die meisten Online-Dienste verwendet unsere Website f\u00fcr verschiedene Zwecke Erstanbieter- und Drittanbieter-Cookies. First-Party-Cookies sind meistens notwendig, damit die Website richtig funktioniert, und sie sammeln keine Ihrer personenbezogenen Daten.<\/p><p>Die auf unserer Website verwendeten Cookies von Drittanbietern dienen haupts\u00e4chlich dazu, zu verstehen, wie die Website funktioniert, wie Sie mit unserer Website interagieren, unsere Dienste sicher zu halten und Ihnen insgesamt eine bessere und verbesserte Benutzererfahrung zu bieten und Ihre zuk\u00fcnftigen Interaktionen zu beschleunigen mit unserer Webseite.<\/p><\/div><h3>Welche Arten von Cookies verwenden wir?<\/h3><div><p><strong>Wesentlich<\/strong>: Einige Cookies sind unerl\u00e4sslich, damit Sie die volle Funktionalit\u00e4t unserer Website nutzen k\u00f6nnen. Sie erm\u00f6glichen es uns, Benutzersitzungen aufrechtzuerhalten und Sicherheitsbedrohungen zu verhindern. Sie sammeln oder speichern keine pers\u00f6nlichen Informationen. Diese Cookies erm\u00f6glichen es Ihnen beispielsweise, sich bei Ihrem Konto anzumelden, Produkte in Ihren Warenkorb zu legen und sicher zur Kasse zu gehen.<\/p><p><strong>Statistik<\/strong>: Diese Cookies speichern Informationen wie die Anzahl der Besucher der Website, die Anzahl der eindeutigen Besucher, welche Seiten der Website besucht wurden, die Quelle des Besuchs usw. Diese Daten helfen uns zu verstehen und zu analysieren, wie gut die Website funktioniert und wo sie verbessert werden muss.<\/p><p><strong>Marketing<\/strong>: Unsere Website zeigt keine Werbung an. <\/p><p><strong>Funktional<\/strong>: Dies sind die Cookies, die bestimmte nicht wesentliche Funktionen auf unserer Website unterst\u00fctzen. Diese Funktionalit\u00e4ten umfassen das Einbetten von Inhalten wie Videos oder das Teilen von Inhalten der Website auf Social-Media-Plattformen.<\/p><p><strong>Pr\u00e4ferenzen<\/strong>: Diese Cookies helfen uns, Ihre Einstellungen und Browsing-Pr\u00e4ferenzen wie Sprachpr\u00e4ferenzen zu speichern, damit Sie bei zuk\u00fcnftigen Besuchen der Website ein besseres und effizienteres Erlebnis haben.<\/p><p>The below list details the cookies used in our website.<\/p><table class=\"cookielawinfo-row-cat-table cookielawinfo-classic\"><thead><tr><th class=\"cookielawinfo-column-1\">Cookie<\/th><th class=\"cookielawinfo-column-4\">Beschreibung<\/th><\/tr><\/thead><tbody><tr class=\"cookielawinfo-row\"><td class=\"cookielawinfo-column-1\">cookielawinfo-checkbox-advertisement<\/td><td class=\"cookielawinfo-column-4\">Dieses Cookie wird vom GDPR Cookie Consent Plugin gesetzt und wird verwendet, um die Zustimmung des Benutzers f\u00fcr die Cookies in der Kategorie &#8220;Werbung&#8221; aufzuzeichnen.<\/td><\/tr><tr class=\"cookielawinfo-row\"><td class=\"cookielawinfo-column-1\">cookielawinfo-checkbox-analytics<\/td><td class=\"cookielawinfo-column-4\">Dieses Cookie wird vom GDPR Cookie Consent Plugin gesetzt. Das Cookie wird verwendet, um die Benutzereinwilligung f\u00fcr die Cookies in der Kategorie &#8220;Analytics&#8221; zu speichern.<\/td><\/tr><tr class=\"cookielawinfo-row\"><td class=\"cookielawinfo-column-1\">cookielawinfo-checkbox-functional<\/td><td class=\"cookielawinfo-column-4\">Das Cookie wird von GDPR Cookie Consent gesetzt, um die Benutzereinwilligung f\u00fcr die Cookies in der Kategorie &#8220;Funktional&#8221; aufzuzeichnen.<\/td><\/tr><tr class=\"cookielawinfo-row\"><td class=\"cookielawinfo-column-1\">cookielawinfo-checkbox-necessary<\/td><td class=\"cookielawinfo-column-4\">Dieses Cookie wird vom GDPR Cookie Consent Plugin gesetzt. Das Cookie wird verwendet, um die Benutzereinwilligung f\u00fcr die Cookies in der Kategorie &#8220;Notwendig&#8221; zu speichern.<\/td><\/tr><tr class=\"cookielawinfo-row\"><td class=\"cookielawinfo-column-1\">cookielawinfo-checkbox-others<\/td><td class=\"cookielawinfo-column-4\">Dieses Cookie wird vom GDPR Cookie Consent Plugin gesetzt. Das Cookie wird verwendet, um die Benutzereinwilligung f\u00fcr die Cookies in der Kategorie &#8220;Sonstiges&#8221; zu speichern.<\/td><\/tr><tr class=\"cookielawinfo-row\"><td class=\"cookielawinfo-column-1\">cookielawinfo-checkbox-performance<\/td><td class=\"cookielawinfo-column-4\">Dieses Cookie wird vom GDPR Cookie Consent Plugin gesetzt. Das Cookie wird verwendet, um die Benutzereinwilligung f\u00fcr die Cookies in der Kategorie &#8220;Performance&#8221; zu speichern.<\/td><\/tr><tr class=\"cookielawinfo-row\"><td class=\"cookielawinfo-column-1\">CookieLawInfoConsent<\/td><td class=\"cookielawinfo-column-4\">Zeichnet den Standardschaltfl\u00e4chenstatus der entsprechenden Kategorie und den Status von CCPA auf. Es funktioniert nur in Abstimmung mit dem prim\u00e4ren Cookie.<\/td><\/tr><tr class=\"cookielawinfo-row\"><td class=\"cookielawinfo-column-1\">viewed_cookie_policy<\/td><td class=\"cookielawinfo-column-4\">Das Cookie wird vom GDPR Cookie Consent Plugin gesetzt und wird verwendet, um zu speichern, ob der Benutzer der Verwendung von Cookies zugestimmt hat oder nicht. Es speichert keine personenbezogenen Daten.<\/td><\/tr><tr class=\"cookielawinfo-row\"><td class=\"cookielawinfo-column-1\">wp-wpml_current_language<\/td><td class=\"cookielawinfo-column-4\">Zeichnet die Sprachpr\u00e4ferenz des Besuchers auf, sodass sie nicht jedes Mal zur\u00fcckgesetzt werden muss, wenn eine Seite geladen wird.<\/td><\/tr><\/tbody><\/table><\/div><h3>Wie kann ich die Cookie-Einstellungen steuern?<\/h3><div><p>Sollten Sie sich entscheiden, Ihre Einstellungen sp\u00e4ter w\u00e4hrend Ihrer Browsersitzung zu \u00e4ndern, k\u00f6nnen Sie auf Ihrem Bildschirm auf die Registerkarte \u201eCookie-Policy\u201c klicken. Dadurch wird der Zustimmungshinweis erneut angezeigt, sodass Sie Ihre Einstellungen \u00e4ndern oder Ihre Zustimmung vollst\u00e4ndig widerrufen k\u00f6nnen.<\/p><p>Dar\u00fcber hinaus bieten verschiedene Browser unterschiedliche Methoden zum Blockieren und L\u00f6schen von Cookies, die von Websites verwendet werden. Sie k\u00f6nnen die Einstellungen Ihres Browsers \u00e4ndern, um Cookies zu blockieren\/l\u00f6schen. Um mehr dar\u00fcber zu erfahren, wie Sie Cookies verwalten und l\u00f6schen k\u00f6nnen, besuchen Sie <a href=\"https:\/\/www.allaboutcookies.org\/\" target=\"_blank\" rel=\"noopener\">www.allaboutcookies.org<\/a>.<\/p><\/div><\/div>\t\t\t\t\t\t<\/div>\n\t\t\t\t<\/div>\n\t\t\t\t\t<\/div>\n\t\t<\/div>\n\t\t\t\t\t\t\t<\/div>\n\t\t<\/section>\n\t\t\t\t\t\t\t<\/div>\n\t\t","protected":false},"excerpt":{"rendered":"<p>\u00dcber diese Cookie-Policy Diese Cookie-Richtlinie erkl\u00e4rt, was Cookies sind und wie wir sie verwenden, welche Arten von Cookies wir verwenden, d. h. die Informationen, die wir mithilfe von Cookies sammeln und wie diese Informationen verwendet werden, und wie Sie die Cookie-Einstellungen steuern k\u00f6nnen. Weitere Informationen dar\u00fcber, wie wir Ihre personenbezogenen Daten verwenden, speichern und sch\u00fctzen, [&hellip;]<\/p>\n","protected":false},"author":1,"featured_media":0,"parent":0,"menu_order":0,"comment_status":"closed","ping_status":"closed","template":"","meta":{"footnotes":""},"yoast_head":"<!-- This site is optimized with the Yoast SEO plugin v21.5 - https:\/\/yoast.com\/wordpress\/plugins\/seo\/ -->\n<title>Cookie Policy - Agriturismo Ertila<\/title>\n<meta name=\"robots\" content=\"index, follow, max-snippet:-1, max-image-preview:large, max-video-preview:-1\" \/>\n<link rel=\"canonical\" href=\"https:\/\/www.agriturismoertila.it\/de\/cookie-policy\/\" \/>\n<meta property=\"og:locale\" content=\"de_DE\" \/>\n<meta property=\"og:type\" content=\"article\" \/>\n<meta property=\"og:title\" content=\"Cookie Policy - Agriturismo Ertila\" \/>\n<meta property=\"og:description\" content=\"\u00dcber diese Cookie-Policy Diese Cookie-Richtlinie erkl\u00e4rt, was Cookies sind und wie wir sie verwenden, welche Arten von Cookies wir verwenden, d. h. die Informationen, die wir mithilfe von Cookies sammeln und wie diese Informationen verwendet werden, und wie Sie die Cookie-Einstellungen steuern k\u00f6nnen. Weitere Informationen dar\u00fcber, wie wir Ihre personenbezogenen Daten verwenden, speichern und sch\u00fctzen, [&hellip;]\" \/>\n<meta property=\"og:url\" content=\"https:\/\/www.agriturismoertila.it\/de\/cookie-policy\/\" \/>\n<meta property=\"og:site_name\" content=\"Agriturismo Ertila\" \/>\n<meta property=\"article:publisher\" content=\"https:\/\/www.facebook.com\/AgriturismoErtila\/\" \/>\n<meta property=\"article:modified_time\" content=\"2022-02-24T17:06:55+00:00\" \/>\n<meta name=\"twitter:card\" content=\"summary_large_image\" \/>\n<meta name=\"twitter:label1\" content=\"Gesch\u00e4tzte Lesezeit\" \/>\n\t<meta name=\"twitter:data1\" content=\"3\u00a0Minuten\" \/>\n<script type=\"application\/ld+json\" class=\"yoast-schema-graph\">{\"@context\":\"https:\/\/schema.org\",\"@graph\":[{\"@type\":\"WebPage\",\"@id\":\"https:\/\/www.agriturismoertila.it\/de\/cookie-policy\/\",\"url\":\"https:\/\/www.agriturismoertila.it\/de\/cookie-policy\/\",\"name\":\"Cookie Policy - Agriturismo Ertila\",\"isPartOf\":{\"@id\":\"https:\/\/www.agriturismoertila.it\/#website\"},\"datePublished\":\"2022-02-24T11:11:31+00:00\",\"dateModified\":\"2022-02-24T17:06:55+00:00\",\"breadcrumb\":{\"@id\":\"https:\/\/www.agriturismoertila.it\/de\/cookie-policy\/#breadcrumb\"},\"inLanguage\":\"de\",\"potentialAction\":[{\"@type\":\"ReadAction\",\"target\":[\"https:\/\/www.agriturismoertila.it\/de\/cookie-policy\/\"]}]},{\"@type\":\"BreadcrumbList\",\"@id\":\"https:\/\/www.agriturismoertila.it\/de\/cookie-policy\/#breadcrumb\",\"itemListElement\":[{\"@type\":\"ListItem\",\"position\":1,\"name\":\"Home\",\"item\":\"https:\/\/www.agriturismoertila.it\/de\/ertila-ai-confini-del-tepilora\/\"},{\"@type\":\"ListItem\",\"position\":2,\"name\":\"Cookie Policy\"}]},{\"@type\":\"WebSite\",\"@id\":\"https:\/\/www.agriturismoertila.it\/#website\",\"url\":\"https:\/\/www.agriturismoertila.it\/\",\"name\":\"Agriturismo Ertila\",\"description\":\"Ristorante, Agricampeggio, Fattoria a Bitti\",\"publisher\":{\"@id\":\"https:\/\/www.agriturismoertila.it\/#organization\"},\"potentialAction\":[{\"@type\":\"SearchAction\",\"target\":{\"@type\":\"EntryPoint\",\"urlTemplate\":\"https:\/\/www.agriturismoertila.it\/?s={search_term_string}\"},\"query-input\":\"required name=search_term_string\"}],\"inLanguage\":\"de\"},{\"@type\":\"Organization\",\"@id\":\"https:\/\/www.agriturismoertila.it\/#organization\",\"name\":\"Agriturismo Ertila\",\"url\":\"https:\/\/www.agriturismoertila.it\/\",\"logo\":{\"@type\":\"ImageObject\",\"inLanguage\":\"de\",\"@id\":\"https:\/\/www.agriturismoertila.it\/#\/schema\/logo\/image\/\",\"url\":\"https:\/\/www.agriturismoertila.it\/wp-content\/uploads\/2022\/01\/Logo-ertila-2x.png\",\"contentUrl\":\"https:\/\/www.agriturismoertila.it\/wp-content\/uploads\/2022\/01\/Logo-ertila-2x.png\",\"width\":257,\"height\":80,\"caption\":\"Agriturismo Ertila\"},\"image\":{\"@id\":\"https:\/\/www.agriturismoertila.it\/#\/schema\/logo\/image\/\"},\"sameAs\":[\"https:\/\/www.facebook.com\/AgriturismoErtila\/\",\"https:\/\/www.instagram.com\/agriturismoertila\/\",\"https:\/\/www.tripadvisor.it\/Restaurant_Review-g1077961-d3330975-Reviews-Agriturismo_Ertila-Bitti_Province_of_Nuoro_Sardinia.html\"]}]}<\/script>\n<!-- \/ Yoast SEO plugin. -->","yoast_head_json":{"title":"Cookie Policy - Agriturismo Ertila","robots":{"index":"index","follow":"follow","max-snippet":"max-snippet:-1","max-image-preview":"max-image-preview:large","max-video-preview":"max-video-preview:-1"},"canonical":"https:\/\/www.agriturismoertila.it\/de\/cookie-policy\/","og_locale":"de_DE","og_type":"article","og_title":"Cookie Policy - Agriturismo Ertila","og_description":"\u00dcber diese Cookie-Policy Diese Cookie-Richtlinie erkl\u00e4rt, was Cookies sind und wie wir sie verwenden, welche Arten von Cookies wir verwenden, d. h. die Informationen, die wir mithilfe von Cookies sammeln und wie diese Informationen verwendet werden, und wie Sie die Cookie-Einstellungen steuern k\u00f6nnen. Weitere Informationen dar\u00fcber, wie wir Ihre personenbezogenen Daten verwenden, speichern und sch\u00fctzen, [&hellip;]","og_url":"https:\/\/www.agriturismoertila.it\/de\/cookie-policy\/","og_site_name":"Agriturismo Ertila","article_publisher":"https:\/\/www.facebook.com\/AgriturismoErtila\/","article_modified_time":"2022-02-24T17:06:55+00:00","twitter_card":"summary_large_image","twitter_misc":{"Gesch\u00e4tzte Lesezeit":"3\u00a0Minuten"},"schema":{"@context":"https:\/\/schema.org","@graph":[{"@type":"WebPage","@id":"https:\/\/www.agriturismoertila.it\/de\/cookie-policy\/","url":"https:\/\/www.agriturismoertila.it\/de\/cookie-policy\/","name":"Cookie Policy - Agriturismo Ertila","isPartOf":{"@id":"https:\/\/www.agriturismoertila.it\/#website"},"datePublished":"2022-02-24T11:11:31+00:00","dateModified":"2022-02-24T17:06:55+00:00","breadcrumb":{"@id":"https:\/\/www.agriturismoertila.it\/de\/cookie-policy\/#breadcrumb"},"inLanguage":"de","potentialAction":[{"@type":"ReadAction","target":["https:\/\/www.agriturismoertila.it\/de\/cookie-policy\/"]}]},{"@type":"BreadcrumbList","@id":"https:\/\/www.agriturismoertila.it\/de\/cookie-policy\/#breadcrumb","itemListElement":[{"@type":"ListItem","position":1,"name":"Home","item":"https:\/\/www.agriturismoertila.it\/de\/ertila-ai-confini-del-tepilora\/"},{"@type":"ListItem","position":2,"name":"Cookie Policy"}]},{"@type":"WebSite","@id":"https:\/\/www.agriturismoertila.it\/#website","url":"https:\/\/www.agriturismoertila.it\/","name":"Agriturismo Ertila","description":"Ristorante, Agricampeggio, Fattoria a Bitti","publisher":{"@id":"https:\/\/www.agriturismoertila.it\/#organization"},"potentialAction":[{"@type":"SearchAction","target":{"@type":"EntryPoint","urlTemplate":"https:\/\/www.agriturismoertila.it\/?s={search_term_string}"},"query-input":"required name=search_term_string"}],"inLanguage":"de"},{"@type":"Organization","@id":"https:\/\/www.agriturismoertila.it\/#organization","name":"Agriturismo Ertila","url":"https:\/\/www.agriturismoertila.it\/","logo":{"@type":"ImageObject","inLanguage":"de","@id":"https:\/\/www.agriturismoertila.it\/#\/schema\/logo\/image\/","url":"https:\/\/www.agriturismoertila.it\/wp-content\/uploads\/2022\/01\/Logo-ertila-2x.png","contentUrl":"https:\/\/www.agriturismoertila.it\/wp-content\/uploads\/2022\/01\/Logo-ertila-2x.png","width":257,"height":80,"caption":"Agriturismo Ertila"},"image":{"@id":"https:\/\/www.agriturismoertila.it\/#\/schema\/logo\/image\/"},"sameAs":["https:\/\/www.facebook.com\/AgriturismoErtila\/","https:\/\/www.instagram.com\/agriturismoertila\/","https:\/\/www.tripadvisor.it\/Restaurant_Review-g1077961-d3330975-Reviews-Agriturismo_Ertila-Bitti_Province_of_Nuoro_Sardinia.html"]}]}},"_links":{"self":[{"href":"https:\/\/www.agriturismoertila.it\/de\/wp-json\/wp\/v2\/pages\/1729"}],"collection":[{"href":"https:\/\/www.agriturismoertila.it\/de\/wp-json\/wp\/v2\/pages"}],"about":[{"href":"https:\/\/www.agriturismoertila.it\/de\/wp-json\/wp\/v2\/types\/page"}],"author":[{"embeddable":true,"href":"https:\/\/www.agriturismoertila.it\/de\/wp-json\/wp\/v2\/users\/1"}],"replies":[{"embeddable":true,"href":"https:\/\/www.agriturismoertila.it\/de\/wp-json\/wp\/v2\/comments?post=1729"}],"version-history":[{"count":2,"href":"https:\/\/www.agriturismoertila.it\/de\/wp-json\/wp\/v2\/pages\/1729\/revisions"}],"predecessor-version":[{"id":1731,"href":"https:\/\/www.agriturismoertila.it\/de\/wp-json\/wp\/v2\/pages\/1729\/revisions\/1731"}],"wp:attachment":[{"href":"https:\/\/www.agriturismoertila.it\/de\/wp-json\/wp\/v2\/media?parent=1729"}],"curies":[{"name":"wp","href":"https:\/\/api.w.org\/{rel}","templated":true}]}}